{"id":84,"date":"2025-09-08T08:27:28","date_gmt":"2025-09-08T06:27:28","guid":{"rendered":"https:\/\/prawokanoniczne.info.pl\/?page_id=84"},"modified":"2025-09-26T20:01:25","modified_gmt":"2025-09-26T18:01:25","slug":"witaj","status":"publish","type":"page","link":"https:\/\/prawokanoniczne.info.pl\/","title":{"rendered":"Witam"},"content":{"rendered":"<p>Pomagam osobom kt\u00f3re chc\u0105 uporz\u0105dkowa\u0107 swoj\u0105 sytuacj\u0119 ma\u0142\u017ce\u0144sk\u0105 w \u015bwietle prawa kanonicznego.<\/p>\n<p>Wierz\u0119, \u017ce ka\u017cde ludzkie do\u015bwiadczenie\u00a0 &#8211; nawet trudne \u2013 zas\u0142uguje na zrozumienie, szacunek i uczciwe rozpoznanie w \u015bwietle prawa. Ka\u017cdy ma prawo do przedstawienia swojej sprawy przed s\u0105dem ko\u015bcielnym i poddania jej ocenie specjalist\u00f3w. Pos\u0142uga s\u0119dziego, obro\u0144cy w\u0119z\u0142a ma\u0142\u017ce\u0144skiego, czy adwokata jest skierowana w\u0142a\u015bnie do ludzi, kt\u00f3rzy mimo trudno\u015bci z jakimi si\u0119 w \u017cyciu spotkali, chc\u0105 \u017cy\u0107 zgodnie ze swoj\u0105 wiar\u0105.<\/p>\n<p>Je\u017celi Twoje ma\u0142\u017ce\u0144stwo zosta\u0142o ju\u017c zako\u0144czone rozwodem cywilnym i pragniesz uregulowa\u0107 swoj\u0105 sytuacj\u0119 zgodnie z nauk\u0105 Ko\u015bcio\u0142a katolickiego, aby ze spokojnym sumieniem m\u00f3c zawrze\u0107 nowy, sakramentalny zwi\u0105zek ma\u0142\u017ce\u0144ski, lub podnie\u015b\u0107 do godno\u015bci sakramentu\u00a0 ju\u017c zawarte nowe ma\u0142\u017ce\u0144stwo cywilne, aby \u017cy\u0107 w zgodzie z wa\u017cnymi dla siebie warto\u015bciami, mimo wcze\u015bniejszych trudnych do\u015bwiadcze\u0144 \u2013 jestem do dyspozycji. Pocz\u0105wszy od pierwszej rozmowy maj\u0105cej na celu rozeznanie konkretnej sytuacji, poprzez wszystkie etapy procesu o stwierdzenie niewa\u017cno\u015bci ma\u0142\u017ce\u0144stwa.<\/p>\n","protected":false},"excerpt":{"rendered":"<p>Pomagam osobom kt\u00f3re chc\u0105 uporz\u0105dkowa\u0107 swoj\u0105 sytuacj\u0119 ma\u0142\u017ce\u0144sk\u0105 w \u015bwietle prawa kanonicznego. Wierz\u0119, \u017ce ka\u017cde ludzkie do\u015bwiadczenie\u00a0 &#8211; nawet trudne \u2013 zas\u0142uguje na zrozumienie, szacunek i uczciwe rozpoznanie w \u015bwietle &#8230;<\/p>\n","protected":false},"author":1,"featured_media":0,"parent":0,"menu_order":0,"comment_status":"closed","ping_status":"closed","template":"template-frontpage.php","meta":{"footnotes":""},"class_list":["post-84","page","type-page","status-publish","hentry"],"_links":{"self":[{"href":"https:\/\/prawokanoniczne.info.pl\/index.php?rest_route=\/wp\/v2\/pages\/84","targetHints":{"allow":["GET"]}}],"collection":[{"href":"https:\/\/prawokanoniczne.info.pl\/index.php?rest_route=\/wp\/v2\/pages"}],"about":[{"href":"https:\/\/prawokanoniczne.info.pl\/index.php?rest_route=\/wp\/v2\/types\/page"}],"author":[{"embeddable":true,"href":"https:\/\/prawokanoniczne.info.pl\/index.php?rest_route=\/wp\/v2\/users\/1"}],"replies":[{"embeddable":true,"href":"https:\/\/prawokanoniczne.info.pl\/index.php?rest_route=%2Fwp%2Fv2%2Fcomments&post=84"}],"version-history":[{"count":2,"href":"https:\/\/prawokanoniczne.info.pl\/index.php?rest_route=\/wp\/v2\/pages\/84\/revisions"}],"predecessor-version":[{"id":102,"href":"https:\/\/prawokanoniczne.info.pl\/index.php?rest_route=\/wp\/v2\/pages\/84\/revisions\/102"}],"wp:attachment":[{"href":"https:\/\/prawokanoniczne.info.pl\/index.php?rest_route=%2Fwp%2Fv2%2Fmedia&parent=84"}],"curies":[{"name":"wp","href":"https:\/\/api.w.org\/{rel}","templated":true}]}}