{"id":8,"date":"2025-06-08T13:45:45","date_gmt":"2025-06-08T11:45:45","guid":{"rendered":"https:\/\/prawokanoniczne.info.pl\/?page_id=8"},"modified":"2025-09-26T20:06:59","modified_gmt":"2025-09-26T18:06:59","slug":"o-mnie","status":"publish","type":"page","link":"https:\/\/prawokanoniczne.info.pl\/?page_id=8","title":{"rendered":"O mnie"},"content":{"rendered":"<p><img loading=\"lazy\" decoding=\"async\" class=\"wp-image-94 alignright\" src=\"http:\/\/prawokanoniczne.info.pl\/wp-content\/uploads\/2025\/09\/IMG_6307-683x1024.jpg\" alt=\"\" width=\"359\" height=\"538\" srcset=\"https:\/\/prawokanoniczne.info.pl\/wp-content\/uploads\/2025\/09\/IMG_6307-683x1024.jpg 683w, https:\/\/prawokanoniczne.info.pl\/wp-content\/uploads\/2025\/09\/IMG_6307-200x300.jpg 200w, https:\/\/prawokanoniczne.info.pl\/wp-content\/uploads\/2025\/09\/IMG_6307-768x1152.jpg 768w, https:\/\/prawokanoniczne.info.pl\/wp-content\/uploads\/2025\/09\/IMG_6307-1024x1536.jpg 1024w, https:\/\/prawokanoniczne.info.pl\/wp-content\/uploads\/2025\/09\/IMG_6307-1365x2048.jpg 1365w, https:\/\/prawokanoniczne.info.pl\/wp-content\/uploads\/2025\/09\/IMG_6307-scaled.jpg 1707w\" sizes=\"auto, (max-width: 359px) 100vw, 359px\" \/><\/p>\n<p>Wierz\u0119, \u017ce ka\u017cde ludzkie do\u015bwiadczenie \u2013 nawet trudne \u2013 zas\u0142uguje na zrozumienie, szacunek i uczciwe rozpoznanie w \u015bwietle prawa. Jako adwokat\u00a0ko\u015bcielny pomagam osobom, kt\u00f3re szukaj\u0105 prawdy o swoim ma\u0142\u017ce\u0144stwie, nie chc\u0105c porzuca\u0107 warto\u015bci, kt\u00f3re s\u0105 im drogie.<\/p>\n<p>Jestem absolwentem <strong>Wydzia\u0142u Prawa Uniwersytetu Jagiello\u0144skiego<\/strong> oraz studi\u00f3w z zakresu <strong>prawa kanonicznego<\/strong> na <strong>Uniwersytecie Papieskim Jana Paw\u0142a II w Krakowie<\/strong>, gdzie uzyska\u0142em <strong>licencjat ko\u015bcielny z prawa kanonicznego<\/strong>. Na tym samym uniwersytecie, na <strong>Wydziale Nauk Spo\u0142ecznych<\/strong>, uzyska\u0142em tytu\u0142 <strong>doktora nauk spo\u0142ecznych w dyscyplinie nauki socjologiczne<\/strong>.<\/p>\n<p>W pracy adwokata nie chodzi tylko o znajomo\u015b\u0107 przepis\u00f3w \u2013 chodzi o cz\u0142owieka. Dlatego moje do\u015bwiadczenie zawodowe obejmuje r\u00f3wnie\u017c <strong>prac\u0119 w O\u015brodku Interwencji Kryzysowej<\/strong>, gdzie naby\u0142em praktycznych umiej\u0119tno\u015bci uwa\u017cnego s\u0142uchania i pracy z osobami w trudnych sytuacjach \u017cyciowych. Umiej\u0119tno\u015b\u0107 zadania w\u0142a\u015bciwego pytania, zwr\u00f3cenia uwagi na fakty, kt\u00f3re Strona mo\u017ce uwa\u017ca\u0107 za nieistotne, jest podstaw\u0105 w\u0142a\u015bciwej diagnozy sytuacji osobistej w konkretnym przypadku, co pozwala na podj\u0119cie decyzji co do dalszego sposobu procedowania sprawy. W\u0142a\u015bciwa diagnoza to fundament dalszego post\u0119powania.<\/p>\n<p>Uko\u0144czy\u0142em r\u00f3wnie\u017c roczny <strong>Program Edukacji Psychologicznej w zakresie Pomocy Psychologicznej <\/strong>w <strong>Instytucie Terapii Gestalt \u2013 Oddzia\u0142 Krakowski Polskiego Stowarzyszenia Psycholog\u00f3w Praktyk\u00f3w<\/strong>, kt\u00f3ry pog\u0142\u0119bi\u0142 moje rozumienie komunikacji, emocji i sygna\u0142\u00f3w niewerbalnych. Czasem to w\u0142a\u015bnie to, <em>co nie zosta\u0142o powiedziane<\/em>, wskazuje najwa\u017cniejsze \u015bcie\u017cki do sprawiedliwego rozstrzygni\u0119cia sprawy w \u015bwietle nauczania Ko\u015bcio\u0142a. Umiej\u0119tno\u015b\u0107 uwa\u017cnego s\u0142uchana bardzo pomaga we w\u0142a\u015bciwym zdiagnozowaniu ka\u017cdego przypadku i dalszym prowadzeniu sprawy.<\/p>\n<p>&nbsp;<\/p>\n<div id='gallery-1' class='gallery galleryid-8 gallery-columns-3 gallery-size-large'><figure class='gallery-item'>\n\t\t\t<div class='gallery-icon portrait'>\n\t\t\t\t<a href='https:\/\/prawokanoniczne.info.pl\/wp-content\/uploads\/2025\/06\/1IMG_20250525_184723315_MFNR-scaled.jpg'><img loading=\"lazy\" decoding=\"async\" width=\"703\" height=\"1024\" src=\"https:\/\/prawokanoniczne.info.pl\/wp-content\/uploads\/2025\/06\/1IMG_20250525_184723315_MFNR-703x1024.jpg\" class=\"attachment-large size-large\" alt=\"\" srcset=\"https:\/\/prawokanoniczne.info.pl\/wp-content\/uploads\/2025\/06\/1IMG_20250525_184723315_MFNR-703x1024.jpg 703w, https:\/\/prawokanoniczne.info.pl\/wp-content\/uploads\/2025\/06\/1IMG_20250525_184723315_MFNR-206x300.jpg 206w, https:\/\/prawokanoniczne.info.pl\/wp-content\/uploads\/2025\/06\/1IMG_20250525_184723315_MFNR-768x1118.jpg 768w, https:\/\/prawokanoniczne.info.pl\/wp-content\/uploads\/2025\/06\/1IMG_20250525_184723315_MFNR-1055x1536.jpg 1055w, https:\/\/prawokanoniczne.info.pl\/wp-content\/uploads\/2025\/06\/1IMG_20250525_184723315_MFNR-1407x2048.jpg 1407w, https:\/\/prawokanoniczne.info.pl\/wp-content\/uploads\/2025\/06\/1IMG_20250525_184723315_MFNR-scaled.jpg 1758w\" sizes=\"auto, (max-width: 703px) 100vw, 703px\" \/><\/a>\n\t\t\t<\/div><\/figure><figure class='gallery-item'>\n\t\t\t<div class='gallery-icon portrait'>\n\t\t\t\t<a href='https:\/\/prawokanoniczne.info.pl\/wp-content\/uploads\/2025\/06\/IMG_20250525_185127725_MFNR-scaled.jpg'><img loading=\"lazy\" decoding=\"async\" width=\"771\" height=\"1024\" src=\"https:\/\/prawokanoniczne.info.pl\/wp-content\/uploads\/2025\/06\/IMG_20250525_185127725_MFNR-771x1024.jpg\" class=\"attachment-large size-large\" alt=\"\" srcset=\"https:\/\/prawokanoniczne.info.pl\/wp-content\/uploads\/2025\/06\/IMG_20250525_185127725_MFNR-771x1024.jpg 771w, https:\/\/prawokanoniczne.info.pl\/wp-content\/uploads\/2025\/06\/IMG_20250525_185127725_MFNR-226x300.jpg 226w, https:\/\/prawokanoniczne.info.pl\/wp-content\/uploads\/2025\/06\/IMG_20250525_185127725_MFNR-768x1020.jpg 768w, https:\/\/prawokanoniczne.info.pl\/wp-content\/uploads\/2025\/06\/IMG_20250525_185127725_MFNR-1157x1536.jpg 1157w, https:\/\/prawokanoniczne.info.pl\/wp-content\/uploads\/2025\/06\/IMG_20250525_185127725_MFNR-1542x2048.jpg 1542w, https:\/\/prawokanoniczne.info.pl\/wp-content\/uploads\/2025\/06\/IMG_20250525_185127725_MFNR-scaled.jpg 1928w\" sizes=\"auto, (max-width: 771px) 100vw, 771px\" \/><\/a>\n\t\t\t<\/div><\/figure><figure class='gallery-item'>\n\t\t\t<div class='gallery-icon portrait'>\n\t\t\t\t<a href='https:\/\/prawokanoniczne.info.pl\/wp-content\/uploads\/2025\/06\/2IMG_20250525_184744359_MFNR-scaled.jpg'><img loading=\"lazy\" decoding=\"async\" width=\"736\" height=\"1024\" src=\"https:\/\/prawokanoniczne.info.pl\/wp-content\/uploads\/2025\/06\/2IMG_20250525_184744359_MFNR-736x1024.jpg\" class=\"attachment-large size-large\" alt=\"\" srcset=\"https:\/\/prawokanoniczne.info.pl\/wp-content\/uploads\/2025\/06\/2IMG_20250525_184744359_MFNR-736x1024.jpg 736w, https:\/\/prawokanoniczne.info.pl\/wp-content\/uploads\/2025\/06\/2IMG_20250525_184744359_MFNR-216x300.jpg 216w, https:\/\/prawokanoniczne.info.pl\/wp-content\/uploads\/2025\/06\/2IMG_20250525_184744359_MFNR-768x1068.jpg 768w, https:\/\/prawokanoniczne.info.pl\/wp-content\/uploads\/2025\/06\/2IMG_20250525_184744359_MFNR-1104x1536.jpg 1104w, https:\/\/prawokanoniczne.info.pl\/wp-content\/uploads\/2025\/06\/2IMG_20250525_184744359_MFNR-1473x2048.jpg 1473w, https:\/\/prawokanoniczne.info.pl\/wp-content\/uploads\/2025\/06\/2IMG_20250525_184744359_MFNR-scaled.jpg 1841w\" sizes=\"auto, (max-width: 736px) 100vw, 736px\" \/><\/a>\n\t\t\t<\/div><\/figure>\n\t\t<\/div>\n\n","protected":false},"excerpt":{"rendered":"<p>Wierz\u0119, \u017ce ka\u017cde ludzkie do\u015bwiadczenie \u2013 nawet trudne \u2013 zas\u0142uguje na zrozumienie, szacunek i uczciwe rozpoznanie w \u015bwietle prawa. Jako adwokat\u00a0ko\u015bcielny pomagam osobom, kt\u00f3re szukaj\u0105 prawdy o swoim ma\u0142\u017ce\u0144stwie, nie &#8230;<\/p>\n","protected":false},"author":1,"featured_media":0,"parent":0,"menu_order":0,"comment_status":"closed","ping_status":"closed","template":"","meta":{"footnotes":""},"class_list":["post-8","page","type-page","status-publish","hentry"],"_links":{"self":[{"href":"https:\/\/prawokanoniczne.info.pl\/index.php?rest_route=\/wp\/v2\/pages\/8","targetHints":{"allow":["GET"]}}],"collection":[{"href":"https:\/\/prawokanoniczne.info.pl\/index.php?rest_route=\/wp\/v2\/pages"}],"about":[{"href":"https:\/\/prawokanoniczne.info.pl\/index.php?rest_route=\/wp\/v2\/types\/page"}],"author":[{"embeddable":true,"href":"https:\/\/prawokanoniczne.info.pl\/index.php?rest_route=\/wp\/v2\/users\/1"}],"replies":[{"embeddable":true,"href":"https:\/\/prawokanoniczne.info.pl\/index.php?rest_route=%2Fwp%2Fv2%2Fcomments&post=8"}],"version-history":[{"count":11,"href":"https:\/\/prawokanoniczne.info.pl\/index.php?rest_route=\/wp\/v2\/pages\/8\/revisions"}],"predecessor-version":[{"id":106,"href":"https:\/\/prawokanoniczne.info.pl\/index.php?rest_route=\/wp\/v2\/pages\/8\/revisions\/106"}],"wp:attachment":[{"href":"https:\/\/prawokanoniczne.info.pl\/index.php?rest_route=%2Fwp%2Fv2%2Fmedia&parent=8"}],"curies":[{"name":"wp","href":"https:\/\/api.w.org\/{rel}","templated":true}]}}