{"id":12,"date":"2025-06-08T13:46:21","date_gmt":"2025-06-08T11:46:21","guid":{"rendered":"https:\/\/prawokanoniczne.info.pl\/?page_id=12"},"modified":"2025-09-08T08:33:19","modified_gmt":"2025-09-08T06:33:19","slug":"kontakt","status":"publish","type":"page","link":"https:\/\/prawokanoniczne.info.pl\/?page_id=12","title":{"rendered":"Kontakt"},"content":{"rendered":"<p><span style=\"font-size: 12pt;\">Nie ka\u017cda historia ko\u0144czy si\u0119 tak, jak sobie wymarzyli\u015bmy. Ale ka\u017cda zas\u0142uguje na sprawiedliwe i pe\u0142ne szacunku wys\u0142uchanie. Pomagam odnale\u017a\u0107 prawd\u0119 w \u015bwietle prawa Ko\u015bcio\u0142a, zrozumie\u0107 jej znaczenie i rozpocz\u0105\u0107 nowy rozdzia\u0142 \u017cycia \u2013 wolny od ci\u0119\u017caru niedopowiedze\u0144 i w\u0105tpliwo\u015bci.<\/span><\/p>\n<p style=\"text-align: center;\"><span style=\"font-size: 14pt;\"><strong>Je\u015bli poszukujesz prawnika, kt\u00f3ry po\u0142\u0105czy kompetencj\u0119 z ludzkim podej\u015bciem, jestem do Twojej dyspozycji.<\/strong><\/span><\/p>\n<p>&nbsp;<\/p>\n<table style=\"border-collapse: collapse; width: 100%;\">\n<tbody>\n<tr>\n<td style=\"width: 50%;\"><div class=\"wpforms-container wpforms-container-full wpforms-render-modern\" id=\"wpforms-33\"><form id=\"wpforms-form-33\" class=\"wpforms-validate wpforms-form wpforms-ajax-form\" data-formid=\"33\" method=\"post\" enctype=\"multipart\/form-data\" action=\"\/index.php?rest_route=%2Fwp%2Fv2%2Fpages%2F12\" data-token=\"96fda718d6baa6a11b5dbb6801d07745\" data-token-time=\"1777969842\"><noscript class=\"wpforms-error-noscript\">Aby wype\u0142ni\u0107 ten formularz, w\u0142\u0105cz obs\u0142ug\u0119 JavaScript w przegl\u0105darce.<\/noscript><div class=\"wpforms-hidden\" id=\"wpforms-error-noscript\">Aby wype\u0142ni\u0107 ten formularz, w\u0142\u0105cz obs\u0142ug\u0119 JavaScript w przegl\u0105darce.<\/div><div class=\"wpforms-field-container\"><div id=\"wpforms-33-field_1-container\" class=\"wpforms-field wpforms-field-name\" data-field-id=\"1\"><fieldset><legend class=\"wpforms-field-label\">Imi\u0119 i nazwisko <span class=\"wpforms-required-label\" aria-hidden=\"true\">*<\/span><\/legend><div class=\"wpforms-field-row wpforms-field-medium\"><div class=\"wpforms-field-row-block wpforms-first wpforms-one-half\"><input type=\"text\" id=\"wpforms-33-field_1\" class=\"wpforms-field-name-first wpforms-field-required\" name=\"wpforms[fields][1][first]\" aria-errormessage=\"wpforms-33-field_1-error\" required><label for=\"wpforms-33-field_1\" class=\"wpforms-field-sublabel after\">Imi\u0119<\/label><\/div><div class=\"wpforms-field-row-block wpforms-one-half\"><input type=\"text\" id=\"wpforms-33-field_1-last\" class=\"wpforms-field-name-last wpforms-field-required\" name=\"wpforms[fields][1][last]\" aria-errormessage=\"wpforms-33-field_1-last-error\" required><label for=\"wpforms-33-field_1-last\" class=\"wpforms-field-sublabel after\">Nazwisko<\/label><\/div><\/div><\/fieldset><\/div><div id=\"wpforms-33-field_2-container\" class=\"wpforms-field wpforms-field-email\" data-field-id=\"2\"><label class=\"wpforms-field-label\" for=\"wpforms-33-field_2\">Adres e-mail <span class=\"wpforms-required-label\" aria-hidden=\"true\">*<\/span><\/label><input type=\"email\" id=\"wpforms-33-field_2\" class=\"wpforms-field-medium wpforms-field-required\" name=\"wpforms[fields][2]\" spellcheck=\"false\" aria-errormessage=\"wpforms-33-field_2-error\" required><\/div><div id=\"wpforms-33-field_3-container\" class=\"wpforms-field wpforms-field-textarea\" data-field-id=\"3\"><label class=\"wpforms-field-label\" for=\"wpforms-33-field_3\">Komentarz lub wiadomo\u015b\u0107<\/label><textarea id=\"wpforms-33-field_3\" class=\"wpforms-field-medium\" name=\"wpforms[fields][3]\" aria-errormessage=\"wpforms-33-field_3-error\" ><\/textarea><\/div><\/div><!-- .wpforms-field-container --><div class=\"wpforms-recaptcha-container wpforms-is-hcaptcha\" ><div class=\"g-recaptcha\" data-sitekey=\"cc5efbc2-1204-4b18-a1c6-56eeb5ccfeb0\"><\/div><input type=\"text\" name=\"g-recaptcha-hidden\" class=\"wpforms-recaptcha-hidden\" style=\"position:absolute!important;clip:rect(0,0,0,0)!important;height:1px!important;width:1px!important;border:0!important;overflow:hidden!important;padding:0!important;margin:0!important;\" data-rule-hcaptcha=\"1\"><\/div><div class=\"wpforms-submit-container\" ><input type=\"hidden\" name=\"wpforms[id]\" value=\"33\"><input type=\"hidden\" name=\"page_title\" value=\"\"><input type=\"hidden\" name=\"page_url\" value=\"https:\/\/prawokanoniczne.info.pl\/index.php?rest_route=\/wp\/v2\/pages\/12\"><input type=\"hidden\" name=\"url_referer\" value=\"\"><button type=\"submit\" name=\"wpforms[submit]\" id=\"wpforms-submit-33\" class=\"wpforms-submit\" data-alt-text=\"Wysy\u0142anie...\" data-submit-text=\"Prze\u015blij\" aria-live=\"assertive\" value=\"wpforms-submit\">Prze\u015blij<\/button><img loading=\"lazy\" decoding=\"async\" src=\"https:\/\/prawokanoniczne.info.pl\/wp-content\/plugins\/wpforms-lite\/assets\/images\/submit-spin.svg\" class=\"wpforms-submit-spinner\" style=\"display: none;\" width=\"26\" height=\"26\" alt=\"Wczytywanie\"><\/div><\/form><\/div>  <!-- .wpforms-container --><\/td>\n<td style=\"width: 50%;\"><strong>\ud83d\udcde KONTAKT<\/strong><\/p>\n<p><strong>Zapraszam do kontaktu \u2013 ka\u017cda sprawa zaczyna si\u0119 od rozmowy.<\/strong><\/p>\n<p>\ud83d\udccd <strong>Kancelaria Prawno-Kanoniczna Meritum<br \/>\n<\/strong>ul. Jana D\u0142ugosza 42, 32-823 Szczepan\u00f3w<\/p>\n<p>\u2709\ufe0f e-mail: <a href=\"mailto:meritum.prawokanoniczne@gmail.com\"><strong>meritum.prawokanoniczne@gmail.com<\/strong><\/a><\/p>\n<p>&nbsp;<\/p>\n<p>\ud83d\udcde telefon: <a href=\"tel:739 908 562\"><strong>739 908 562<\/strong><\/a><\/p>\n<p>&nbsp;<\/p>\n<p>\ud83c\udf10 Mo\u017cliwo\u015b\u0107 konsultacji <strong>online i stacjonarnie<\/strong><\/p>\n<p>\ud83d\udcc6 Spotkania umawiane indywidualnie \u2013 prosz\u0119 o wcze\u015bniejszy kontakt telefoniczny lub mailowy.<\/p>\n<p><strong>Twoja sprawa jest wa\u017cna \u2013 potraktuj j\u0105 z nale\u017cyt\u0105 trosk\u0105. A ja pomog\u0119 Ci przej\u015b\u0107 t\u0119 drog\u0119 z godno\u015bci\u0105, spokojem i w prawdzie.<\/strong><\/p>\n<p>&nbsp;<\/td>\n<\/tr>\n<\/tbody>\n<\/table>\n<p>&nbsp;<\/p>\n","protected":false},"excerpt":{"rendered":"<p>Nie ka\u017cda historia ko\u0144czy si\u0119 tak, jak sobie wymarzyli\u015bmy. Ale ka\u017cda zas\u0142uguje na sprawiedliwe i pe\u0142ne szacunku wys\u0142uchanie. Pomagam odnale\u017a\u0107 prawd\u0119 w \u015bwietle prawa Ko\u015bcio\u0142a, zrozumie\u0107 jej znaczenie i rozpocz\u0105\u0107 &#8230;<\/p>\n","protected":false},"author":1,"featured_media":0,"parent":0,"menu_order":0,"comment_status":"closed","ping_status":"closed","template":"","meta":{"footnotes":""},"class_list":["post-12","page","type-page","status-publish","hentry"],"_links":{"self":[{"href":"https:\/\/prawokanoniczne.info.pl\/index.php?rest_route=\/wp\/v2\/pages\/12","targetHints":{"allow":["GET"]}}],"collection":[{"href":"https:\/\/prawokanoniczne.info.pl\/index.php?rest_route=\/wp\/v2\/pages"}],"about":[{"href":"https:\/\/prawokanoniczne.info.pl\/index.php?rest_route=\/wp\/v2\/types\/page"}],"author":[{"embeddable":true,"href":"https:\/\/prawokanoniczne.info.pl\/index.php?rest_route=\/wp\/v2\/users\/1"}],"replies":[{"embeddable":true,"href":"https:\/\/prawokanoniczne.info.pl\/index.php?rest_route=%2Fwp%2Fv2%2Fcomments&post=12"}],"version-history":[{"count":8,"href":"https:\/\/prawokanoniczne.info.pl\/index.php?rest_route=\/wp\/v2\/pages\/12\/revisions"}],"predecessor-version":[{"id":92,"href":"https:\/\/prawokanoniczne.info.pl\/index.php?rest_route=\/wp\/v2\/pages\/12\/revisions\/92"}],"wp:attachment":[{"href":"https:\/\/prawokanoniczne.info.pl\/index.php?rest_route=%2Fwp%2Fv2%2Fmedia&parent=12"}],"curies":[{"name":"wp","href":"https:\/\/api.w.org\/{rel}","templated":true}]}}