{"id":10,"date":"2025-06-08T13:46:01","date_gmt":"2025-06-08T11:46:01","guid":{"rendered":"https:\/\/prawokanoniczne.info.pl\/?page_id=10"},"modified":"2025-07-28T10:01:07","modified_gmt":"2025-07-28T08:01:07","slug":"oferta","status":"publish","type":"page","link":"https:\/\/prawokanoniczne.info.pl\/?page_id=10","title":{"rendered":"Oferta"},"content":{"rendered":"<p>Pomagam osobom, kt\u00f3re chc\u0105 uporz\u0105dkowa\u0107 swoj\u0105 sytuacj\u0119 ma\u0142\u017ce\u0144sk\u0105 w \u015bwietle prawa kanonicznego. Je\u015bli Twoje ma\u0142\u017ce\u0144stwo zosta\u0142o ju\u017c zako\u0144czone rozwodem cywilnym, ale wci\u0105\u017c pragniesz \u017cy\u0107 w zgodzie z nauk\u0105 Ko\u015bcio\u0142a, mog\u0119 Ci\u0119 poprowadzi\u0107 przez ca\u0142y proces <strong>stwierdzenia niewa\u017cno\u015bci ma\u0142\u017ce\u0144stwa<\/strong>.<\/p>\n<p><strong>Zakres us\u0142ug:<\/strong><\/p>\n<ul>\n<li>Konsultacje przedprocesowe (wst\u0119pna ocena sytuacji, identyfikacja ewentualnych podstaw niewa\u017cno\u015bci).<\/li>\n<li>Sporz\u0105dzanie skargi powodowej.<\/li>\n<li>Pomoc w przygotowaniu materia\u0142u dowodowego (w tym: wyb\u00f3r \u015bwiadk\u00f3w, przygotowanie dokumentacji).<\/li>\n<li>Pisemne opracowanie odpowiedzi na skarg\u0119 powodow\u0105 (w przypadku strony pozwanej).<\/li>\n<li>Reprezentacja przed <strong>trybuna\u0142ami diecezjalnymi i metropolitalnymi<\/strong>.<\/li>\n<li>Konsultacje w zakresie <strong>interpretacji Magisterium Ko\u015bcio\u0142a<\/strong> w kontek\u015bcie konkretnego przypadku.<\/li>\n<li>Pomoc w budowaniu <strong>zrozumienia i pokoju sumienia<\/strong>, tak aby strona mog\u0142a na nowo u\u0142o\u017cy\u0107 swoje \u017cycie \u2013 w zgodzie z prawem i z w\u0142asn\u0105 wiar\u0105.<\/li>\n<\/ul>\n<p>W ka\u017cdej sprawie gwarantuj\u0119 <strong>poufno\u015b\u0107<\/strong>, <strong>rzetelno\u015b\u0107<\/strong>, <strong>poszanowanie godno\u015bci<\/strong> i <strong>empatyczne podej\u015bcie<\/strong>.<\/p>\n<p>&nbsp;<\/p>\n","protected":false},"excerpt":{"rendered":"<p>Pomagam osobom, kt\u00f3re chc\u0105 uporz\u0105dkowa\u0107 swoj\u0105 sytuacj\u0119 ma\u0142\u017ce\u0144sk\u0105 w \u015bwietle prawa kanonicznego. Je\u015bli Twoje ma\u0142\u017ce\u0144stwo zosta\u0142o ju\u017c zako\u0144czone rozwodem cywilnym, ale wci\u0105\u017c pragniesz \u017cy\u0107 w zgodzie z nauk\u0105 Ko\u015bcio\u0142a, mog\u0119 &#8230;<\/p>\n","protected":false},"author":1,"featured_media":0,"parent":0,"menu_order":0,"comment_status":"closed","ping_status":"closed","template":"","meta":{"footnotes":""},"class_list":["post-10","page","type-page","status-publish","hentry"],"_links":{"self":[{"href":"https:\/\/prawokanoniczne.info.pl\/index.php?rest_route=\/wp\/v2\/pages\/10","targetHints":{"allow":["GET"]}}],"collection":[{"href":"https:\/\/prawokanoniczne.info.pl\/index.php?rest_route=\/wp\/v2\/pages"}],"about":[{"href":"https:\/\/prawokanoniczne.info.pl\/index.php?rest_route=\/wp\/v2\/types\/page"}],"author":[{"embeddable":true,"href":"https:\/\/prawokanoniczne.info.pl\/index.php?rest_route=\/wp\/v2\/users\/1"}],"replies":[{"embeddable":true,"href":"https:\/\/prawokanoniczne.info.pl\/index.php?rest_route=%2Fwp%2Fv2%2Fcomments&post=10"}],"version-history":[{"count":4,"href":"https:\/\/prawokanoniczne.info.pl\/index.php?rest_route=\/wp\/v2\/pages\/10\/revisions"}],"predecessor-version":[{"id":71,"href":"https:\/\/prawokanoniczne.info.pl\/index.php?rest_route=\/wp\/v2\/pages\/10\/revisions\/71"}],"wp:attachment":[{"href":"https:\/\/prawokanoniczne.info.pl\/index.php?rest_route=%2Fwp%2Fv2%2Fmedia&parent=10"}],"curies":[{"name":"wp","href":"https:\/\/api.w.org\/{rel}","templated":true}]}}